{"id":39,"date":"2018-05-05T07:23:08","date_gmt":"2018-05-05T07:23:08","guid":{"rendered":"http:\/\/wuerfel-meister.de\/?page_id=39"},"modified":"2020-05-24T16:45:16","modified_gmt":"2020-05-24T16:45:16","slug":"impressum-2","status":"publish","type":"page","link":"http:\/\/wuerfel-meister.de\/?page_id=39","title":{"rendered":"Impressum"},"content":{"rendered":"<p><strong>Angaben gem\u00e4\u00df \u00a7 5 TMG<br \/>\n<\/strong>W\u00fcrfel-Meister\u00a0UG (haftungsbeschr\u00e4nkt)<br \/>\nAlfterstr.\u00a043<br \/>\n50389 Wesseling<\/p>\n<p>Registergericht: Amtsgericht K\u00f6ln<br \/>\nRegisternummer: HRB 88951<\/p>\n<p>Vertretungsberechtigter Gesch\u00e4ftsf\u00fchrer: Reiner Heep<\/p>\n<p><strong>Kontakt<\/strong><br \/>\nTel: 02236-46843<br \/>\nFax: 02236-46833<br \/>\neMail: info &#8211; a-t &#8211; wuerfel-meister.de \u2013<\/p>\n<p><strong>Umsatzsteuer-Identifikationsnummer<\/strong> gem\u00e4\u00df \u00a727 a Umsatzsteuergesetz:<br \/>\nUst-Ident-Nr.: DE 309082241<\/p>\n<p><strong>Inhaltlich Verantwortlicher gem\u00e4\u00df \u00a7 10 Absatz 3 MDStV:<\/strong> Reiner Heep<\/p>\n<p><strong>Verantwortlich f\u00fcr den Inhalt nach \u00a7 55 Abs. 2 RStV<\/strong><br \/>\nW\u00fcrfel-Meister UG (haftungsbeschr\u00e4nkt)<br \/>\nReiner Heep<br \/>\nAlfterstr. 43<br \/>\n50389 Wesseling<\/p>\n<hr \/>\n<p><strong>Copyright<\/strong><\/p>\n<p>Design, Layout, Texte, Fotos, Animationen und sonstige Inhalte der Website www.W\u00fcrfel-Meister.de sind urheberrechtlich gesch\u00fctzt.<\/p>\n<p>Das Vervielf\u00e4ltigen der hier ver\u00f6ffentlichten Daten, Informationen, Texte, Textausschnitte oder Fotos bedarf der schriftlichen und ausdr\u00fccklichen Zustimmung der W\u00fcrfel-Meister UG (haftungsbeschr\u00e4nkt).<\/p>\n<p>Design und Umsetzung durch Thomas B\u00f6hme, Bonn<\/p>\n<hr \/>\n<p><strong>Widerspruch gegen Werbe-Mails<br \/>\n<\/strong><\/p>\n<p>Der Nutzung von im Rahmen der Impressumspflicht ver\u00f6ffentlichten Kontaktdaten zur \u00dcbersendung von nicht ausdr\u00fccklich angeforderter Werbung und Informationsmaterialien wird hiermit widersprochen. Die Betreiber der Seiten behalten sich ausdr\u00fccklich rechtliche Schritte im Falle der unverlangten Zusendung von Werbeinformationen, etwa durch Spam-E-Mails, vor.<\/p>\n<hr \/>\n<p><strong>Haftungsbeschr\u00e4nkung<br \/>\n<\/strong><\/p>\n<p>Wir haben bei der Erstellung der Webseiten gr\u00f6\u00dfte Sorgfalt angewandt, jedoch k\u00f6nnen wir nicht f\u00fcr die Korrektheit aller angebotenen Informationen garantieren.<\/p>\n<p>Wir haften nicht f\u00fcr Sch\u00e4den irgendwelcher Art, die durch die Benutzung oder im Zusammenhang mit der Benutzung der hier bereitgestellten Informationen entstehen, seien es direkte oder indirekte Sch\u00e4den, Folgesch\u00e4den oder Sondersch\u00e4den einschlie\u00dflich entgangenen Gewinns, oder Sch\u00e4den, die aus dem Verlust von Daten entstehen. Wir behalten uns \u00c4nderungen der Informationen auf diesem Server vor, die wir unverbindlich zur Verf\u00fcgung stellen, ohne vorherige Ank\u00fcndigung.<\/p>\n<p><strong>Haftung f\u00fcr Inhalte <\/strong><br \/>\nAls Diensteanbieter sind wir gem\u00e4\u00df \u00a7 7 Abs.1 TMG f\u00fcr eigene Inhalte auf diesen Seiten nach den allgemeinen Gesetzen verantwortlich. Nach \u00a7\u00a7 8 bis 10 TMG sind wir als Diensteanbieter jedoch nicht verpflichtet, \u00fcbermittelte oder gespeicherte fremde Informationen zu \u00fcberwachen oder nach Umst\u00e4nden zu forschen, die auf eine rechtswidrige T\u00e4tigkeit hinweisen.<\/p>\n<p>Verpflichtungen zur Entfernung oder Sperrung der Nutzung von Informationen nach den allgemeinen Gesetzen bleiben hiervon unber\u00fchrt. Eine diesbez\u00fcgliche Haftung ist jedoch erst ab dem Zeitpunkt der Kenntnis einer konkreten Rechtsverletzung m\u00f6glich. Bei Bekanntwerden von entsprechendenRechtsverletzungen werden wir diese Inhalte umgehend entfernen.<\/p>\n<p><strong>Haftung f\u00fcr Links <\/strong><br \/>\nUnser Angebot enth\u00e4lt Links zu externen Websites Dritter, auf deren Inhalte wir keinen Einfluss haben. Deshalb k\u00f6nnen wir f\u00fcr diese fremden Inhalte auch keine Gew\u00e4hr \u00fcbernehmen. F\u00fcr die Inhalte der verlinkten Seiten ist stets der jeweilige Anbieter oder Betreiber der Seiten verantwortlich. Die verlinkten Seiten wurden zum Zeitpunkt der Verlinkung auf m\u00f6gliche Rechtsverst\u00f6\u00dfe \u00fcberpr\u00fcft. Rechtswidrige Inhalte<br \/>\nwaren zum Zeitpunkt der Verlinkung nicht erkennbar.<br \/>\nEine permanente inhaltliche Kontrolle der verlinkten Seiten ist jedoch ohne konkrete Anhaltspunkte einer Rechtsverletzung nicht zumutbar. Bei Bekanntwerden von Rechtsverletzungen werden wir derartige Links umgehend entfernen.<\/p>\n<p><strong>Urheberrecht <\/strong><br \/>\nDie durch die Seitenbetreiber erstellten Inhalte und Werke auf diesen Seiten unterliegen dem deutschen Urheberrecht. Die Vervielf\u00e4ltigung, Bearbeitung, Verbreitung und jede Art der Verwertung au\u00dferhalb der Grenzen des Urheberrechtes bed\u00fcrfen der schriftlichen Zustimmung des jeweiligen Autors bzw. Erstellers.<br \/>\nDownloads und Kopien dieser Seite sind nur f\u00fcr den privaten, nicht kommerziellen Gebrauch gestattet.<\/p>\n<p>Soweit die Inhalte auf dieser Seite nicht vom Betreiber erstellt wurden, werden die Urheberrechte Dritter beachtet. Insbesondere werden Inhalte Dritter als solche gekennzeichnet. Sollten Sie trotzdem auf eine Urheberrechtsverletzung aufmerksam werden, bitten wir um einen entsprechenden Hinweis. Bei Bekanntwerden von Rechtsverletzungen werden wir derartige Inhalte umgehend entfernen.<\/p>\n<p>Quelle:<br \/>\n<a href=\"https:\/\/www.e-recht24.de\" target=\"_blank\" rel=\"noopener noreferrer\">https:\/\/www.e-recht24.de<\/a><\/p>\n<hr \/>\n<div class=\"woocommerce woocommerce-gzd woocommerce-gzd-complaints-shortcode\">\n\t\t\t<h3>Alternative Streitbeilegung gem\u00e4\u00df Art. 14 Abs. 1 ODR-VO und \u00a7 36 VSBG:<\/h3>\n\t\nZur Teilnahme an einem Streitbeilegungsverfahren vor einer Verbraucherschlichtungsstelle sind wir nicht verpflichtet und nicht bereit.<\/div>\n<hr \/>\n<p>Kontaktformular:<\/p>\n<div data-test='contact-form' id='contact-form-39' class='wp-block-jetpack-contact-form-container '>\n<form action='http:\/\/wuerfel-meister.de\/?page_id=39#contact-form-39' method='post' class='contact-form commentsblock'>\n<script>\n\t\t\t( function () {\n\t\t\t\tconst contact_forms = document.getElementsByClassName('contact-form');\n\n\t\t\t\tfor ( const form of contact_forms ) {\n\t\t\t\t\tform.onsubmit = function() {\n\t\t\t\t\t\tconst buttons = form.getElementsByTagName('button');\n\n\t\t\t\t\t\tfor( const button of buttons ) {\n\t\t\t\t\t\t\tbutton.setAttribute('disabled', true);\n\t\t\t\t\t\t}\n\t\t\t\t\t}\n\t\t\t\t}\n\t\t\t} )();\n\t\t<\/script>\n<div style=\"\" class='grunion-field-name-wrap grunion-field-wrap'  >\n<label\n\t\t\t\tfor='g39-name'\n\t\t\t\tclass='grunion-field-label name'>Name<span>(erforderlich)<\/span><\/label>\n<input\n\t\t\t\t\ttype='text'\n\t\t\t\t\tname='g39-name'\n\t\t\t\t\tid='g39-name'\n\t\t\t\t\tvalue=''\n\t\t\t\t\tclass='name  grunion-field' \n\t\t\t\t\trequired aria-required='true' \/>\n\t<\/div>\n\n<div style=\"\" class='grunion-field-email-wrap grunion-field-wrap'  >\n<label\n\t\t\t\tfor='g39-email'\n\t\t\t\tclass='grunion-field-label email'>E-Mail <span>(erforderlich)<\/span><\/label>\n<input\n\t\t\t\t\ttype='email'\n\t\t\t\t\tname='g39-email'\n\t\t\t\t\tid='g39-email'\n\t\t\t\t\tvalue=''\n\t\t\t\t\tclass='email  grunion-field' \n\t\t\t\t\trequired aria-required='true' \/>\n\t<\/div>\n\n<div style=\"\" class='grunion-field-textarea-wrap grunion-field-wrap'  >\n<label\n\t\t\t\tfor='contact-form-comment-g39-nachricht'\n\t\t\t\tclass='grunion-field-label textarea'>Nachricht<span>(erforderlich)<\/span><\/label>\n<textarea\n\t\t                style=''\n\t\t                name='g39-nachricht'\n\t\t                id='contact-form-comment-g39-nachricht'\n\t\t                rows='20' class='textarea  grunion-field'  required aria-required='true'><\/textarea>\n\t<\/div>\n\t<p class='contact-submit'>\n\t\t<button type='submit' class='pushbutton-wide'>Senden<\/button>\t\t<input type='hidden' name='contact-form-id' value='39' \/>\n\t\t<input type='hidden' name='action' value='grunion-contact-form' \/>\n\t\t<input type='hidden' name='contact-form-hash' value='676b21878eaed41280173c6ac7e5f64e8d1d33c9' \/>\n\t<\/p>\n<p style=\"display: none !important;\" class=\"akismet-fields-container\" data-prefix=\"ak_\"><label>&#916;<textarea name=\"ak_hp_textarea\" cols=\"45\" rows=\"8\" maxlength=\"100\"><\/textarea><\/label><input type=\"hidden\" id=\"ak_js_1\" name=\"ak_js\" value=\"116\"\/><script>document.getElementById( \"ak_js_1\" ).setAttribute( \"value\", ( new Date() ).getTime() );<\/script><\/p><\/form>\n<\/div>\n","protected":false},"excerpt":{"rendered":"<p>Angaben gem\u00e4\u00df \u00a7 5 TMG W\u00fcrfel-Meister\u00a0UG (haftungsbeschr\u00e4nkt) Alfterstr.\u00a043 50389 Wesseling Registergericht: Amtsgericht K\u00f6ln Registernummer: HRB 88951 Vertretungsberechtigter Gesch\u00e4ftsf\u00fchrer: Reiner Heep Kontakt Tel: 02236-46843 Fax: 02236-46833 eMail: info &#8211; a-t &#8211; wuerfel-meister.de \u2013 Umsatzsteuer-Identifikationsnummer gem\u00e4\u00df \u00a727[&#8230;]<\/p>\n","protected":false},"author":1,"featured_media":0,"parent":0,"menu_order":900,"comment_status":"closed","ping_status":"closed","template":"","meta":{"jetpack_post_was_ever_published":false},"jetpack_sharing_enabled":true,"jetpack_shortlink":"https:\/\/wp.me\/P9SRIY-D","_links":{"self":[{"href":"http:\/\/wuerfel-meister.de\/index.php?rest_route=\/wp\/v2\/pages\/39"}],"collection":[{"href":"http:\/\/wuerfel-meister.de\/index.php?rest_route=\/wp\/v2\/pages"}],"about":[{"href":"http:\/\/wuerfel-meister.de\/index.php?rest_route=\/wp\/v2\/types\/page"}],"author":[{"embeddable":true,"href":"http:\/\/wuerfel-meister.de\/index.php?rest_route=\/wp\/v2\/users\/1"}],"replies":[{"embeddable":true,"href":"http:\/\/wuerfel-meister.de\/index.php?rest_route=%2Fwp%2Fv2%2Fcomments&post=39"}],"version-history":[{"count":8,"href":"http:\/\/wuerfel-meister.de\/index.php?rest_route=\/wp\/v2\/pages\/39\/revisions"}],"predecessor-version":[{"id":7353,"href":"http:\/\/wuerfel-meister.de\/index.php?rest_route=\/wp\/v2\/pages\/39\/revisions\/7353"}],"wp:attachment":[{"href":"http:\/\/wuerfel-meister.de\/index.php?rest_route=%2Fwp%2Fv2%2Fmedia&parent=39"}],"curies":[{"name":"wp","href":"https:\/\/api.w.org\/{rel}","templated":true}]}}