{"id":56,"date":"2018-05-08T11:13:22","date_gmt":"2018-05-08T11:13:22","guid":{"rendered":"http:\/\/wuerfel-meister.de\/?post_type=product&#038;p=56"},"modified":"2025-10-21T09:08:41","modified_gmt":"2025-10-21T09:08:41","slug":"automatische-wuerfelmaschine","status":"publish","type":"product","link":"http:\/\/wuerfel-meister.de\/?product=automatische-wuerfelmaschine","title":{"rendered":"Automatische W\u00fcrfelmaschine"},"content":{"rendered":"<p>Es handelt sich hierbei um eine vollautomatische W\u00fcrfelmaschine. Einfach gew\u00fcnschte W\u00fcrfelanzahl einlegen (der durchsichtige Deckel ist abnehmbar) und den Startknopf dr\u00fccken, dies macht Schummeln unm\u00f6glich! Per Knopfdruck werden die W\u00fcrfel durch die Vibration der Grundplatte ordentlich &#8222;durcheinandergew\u00fcrfelt&#8220;.<\/p>\n<h4>Austattung<\/h4>\n<p>Die W\u00fcrfelmaschine besitzt vier seitliche Ein- und Ausschaltkn\u00f6pfe, die beim Bet\u00e4tigen die W\u00fcrfel in Bewegung bringen. Der gr\u00fcne Filzbezug ist optisch sehr ansprechend und zudem besonders schonend zu den W\u00fcrfeln.<\/p>\n<ul>\n<li>Gr\u00f6\u00dfenangaben (B\/T\/H): ca. 15cm x 15cm x 9cm<\/li>\n<li>Material : Kunststoff<\/li>\n<li>Farbe: Braun<\/li>\n<li>inkl. 5 sechsseitige W\u00fcrfel (5w6)<\/li>\n<li>inkl. zwei Kunststoffabdeckungen (transparent und braun)<\/li>\n<li>Betrieb mit 2 AA Batterien (nicht im Lieferumfang enthalten)<\/li>\n<\/ul>\n","protected":false},"excerpt":{"rendered":"<p>Neu in Originalverpackung. &#8211; Sofortversand m\u00f6glich. &#8211; #ADW501 &#8211; Automatische W\u00fcrfelmaschine<\/p>\n","protected":false},"featured_media":57,"comment_status":"open","ping_status":"closed","template":"","meta":{"jetpack_post_was_ever_published":false,"jetpack_publicize_message":"","jetpack_is_tweetstorm":false,"jetpack_publicize_feature_enabled":true,"jetpack_social_post_already_shared":true,"jetpack_social_options":{"image_generator_settings":{"template":"highway","enabled":false}}},"product_cat":[47,32,33],"product_tag":[36,34,35],"jetpack_publicize_connections":[],"jetpack_sharing_enabled":true,"_links":{"self":[{"href":"http:\/\/wuerfel-meister.de\/index.php?rest_route=\/wp\/v2\/product\/56"}],"collection":[{"href":"http:\/\/wuerfel-meister.de\/index.php?rest_route=\/wp\/v2\/product"}],"about":[{"href":"http:\/\/wuerfel-meister.de\/index.php?rest_route=\/wp\/v2\/types\/product"}],"replies":[{"embeddable":true,"href":"http:\/\/wuerfel-meister.de\/index.php?rest_route=%2Fwp%2Fv2%2Fcomments&post=56"}],"wp:featuredmedia":[{"embeddable":true,"href":"http:\/\/wuerfel-meister.de\/index.php?rest_route=\/wp\/v2\/media\/57"}],"wp:attachment":[{"href":"http:\/\/wuerfel-meister.de\/index.php?rest_route=%2Fwp%2Fv2%2Fmedia&parent=56"}],"wp:term":[{"taxonomy":"product_cat","embeddable":true,"href":"http:\/\/wuerfel-meister.de\/index.php?rest_route=%2Fwp%2Fv2%2Fproduct_cat&post=56"},{"taxonomy":"product_tag","embeddable":true,"href":"http:\/\/wuerfel-meister.de\/index.php?rest_route=%2Fwp%2Fv2%2Fproduct_tag&post=56"}],"curies":[{"name":"wp","href":"https:\/\/api.w.org\/{rel}","templated":true}]}}