{"id":7220,"date":"2020-04-25T17:14:20","date_gmt":"2020-04-25T17:14:20","guid":{"rendered":"http:\/\/wuerfel-meister.de\/?post_type=product&#038;p=7220"},"modified":"2020-04-25T17:40:50","modified_gmt":"2020-04-25T17:40:50","slug":"kleiner-wuerfelbeutel-eckig-50x50x50-mm","status":"publish","type":"product","link":"http:\/\/wuerfel-meister.de\/?product=kleiner-wuerfelbeutel-eckig-50x50x50-mm","title":{"rendered":"Kleiner W\u00fcrfelbeutel eckig 50x50x50 mm"},"content":{"rendered":"<h3>Kleiner W\u00fcrfelbeutel eckig 50x50x50 mm<\/h3>\n<p>W\u00fcrfelbeutel mit viereckiger Grundfl\u00e4che aus Echtleder mit schwarzer Verschn\u00fcrung.<br \/>\nAu\u00dfen Schwarz und innen Dunkelbraun.<br \/>\nMit Pr\u00e4gung Replay.<\/p>\n<h3>Gr\u00f6\u00dfe:<\/h3>\n<p>Au\u00dfen: LxBxH 50x50x50 mm<br \/>\nge\u00f6ffnet: 160 mm Durchmesser<\/p>\n<p>Geeignet f\u00fcr ein 7er Polyederset.<\/p>\n<p>&nbsp;<\/p>\n<p>Lieferung ohne Inhalt\/W\u00fcrfel.<\/p>\n","protected":false},"excerpt":{"rendered":"<p>W\u00fcrfelbeutel eckig 55x50x50 mm<\/p>\n","protected":false},"featured_media":7219,"comment_status":"open","ping_status":"closed","template":"","meta":{"jetpack_post_was_ever_published":false,"jetpack_publicize_message":"","jetpack_is_tweetstorm":false,"jetpack_publicize_feature_enabled":true,"jetpack_social_post_already_shared":true,"jetpack_social_options":{"image_generator_settings":{"template":"highway","enabled":false}}},"product_cat":[47,33],"product_tag":[72,74,73,34],"jetpack_publicize_connections":[],"jetpack_sharing_enabled":true,"_links":{"self":[{"href":"http:\/\/wuerfel-meister.de\/index.php?rest_route=\/wp\/v2\/product\/7220"}],"collection":[{"href":"http:\/\/wuerfel-meister.de\/index.php?rest_route=\/wp\/v2\/product"}],"about":[{"href":"http:\/\/wuerfel-meister.de\/index.php?rest_route=\/wp\/v2\/types\/product"}],"replies":[{"embeddable":true,"href":"http:\/\/wuerfel-meister.de\/index.php?rest_route=%2Fwp%2Fv2%2Fcomments&post=7220"}],"wp:featuredmedia":[{"embeddable":true,"href":"http:\/\/wuerfel-meister.de\/index.php?rest_route=\/wp\/v2\/media\/7219"}],"wp:attachment":[{"href":"http:\/\/wuerfel-meister.de\/index.php?rest_route=%2Fwp%2Fv2%2Fmedia&parent=7220"}],"wp:term":[{"taxonomy":"product_cat","embeddable":true,"href":"http:\/\/wuerfel-meister.de\/index.php?rest_route=%2Fwp%2Fv2%2Fproduct_cat&post=7220"},{"taxonomy":"product_tag","embeddable":true,"href":"http:\/\/wuerfel-meister.de\/index.php?rest_route=%2Fwp%2Fv2%2Fproduct_tag&post=7220"}],"curies":[{"name":"wp","href":"https:\/\/api.w.org\/{rel}","templated":true}]}}