{"id":7224,"date":"2020-04-25T17:39:45","date_gmt":"2020-04-25T17:39:45","guid":{"rendered":"http:\/\/wuerfel-meister.de\/?post_type=product&#038;p=7224"},"modified":"2020-04-25T17:39:45","modified_gmt":"2020-04-25T17:39:45","slug":"wuerfelbeutel-in-braun-rund-110mm","status":"publish","type":"product","link":"http:\/\/wuerfel-meister.de\/?product=wuerfelbeutel-in-braun-rund-110mm","title":{"rendered":"W\u00fcrfelbeutel in braun, rund 110mm"},"content":{"rendered":"<h3>W\u00fcrfelbeutel in braun, rund 110 mm<\/h3>\n<p>Runder W\u00fcrfelbeutel in verschiedenen Braunt\u00f6nen aus Echtleder mit Schn\u00fcrung.<\/p>\n<h3>Gr\u00f6\u00dfe<\/h3>\n<p>Durchmesser : 11 cm<br \/>\nGeeignet f\u00fcr ein 7er Polyederset.<\/p>\n<p>&nbsp;<\/p>\n<p>Zuf\u00e4llige Lieferung.<\/p>\n","protected":false},"excerpt":{"rendered":"<p>W\u00fcrfelbeutel in braun, rund 110 mm<\/p>\n","protected":false},"featured_media":7222,"comment_status":"open","ping_status":"closed","template":"","meta":{"jetpack_post_was_ever_published":false,"jetpack_publicize_message":"","jetpack_is_tweetstorm":false,"jetpack_publicize_feature_enabled":true,"jetpack_social_post_already_shared":true,"jetpack_social_options":{"image_generator_settings":{"template":"highway","enabled":false}}},"product_cat":[47,33],"product_tag":[72,74,75,73,34],"jetpack_publicize_connections":[],"jetpack_sharing_enabled":true,"_links":{"self":[{"href":"http:\/\/wuerfel-meister.de\/index.php?rest_route=\/wp\/v2\/product\/7224"}],"collection":[{"href":"http:\/\/wuerfel-meister.de\/index.php?rest_route=\/wp\/v2\/product"}],"about":[{"href":"http:\/\/wuerfel-meister.de\/index.php?rest_route=\/wp\/v2\/types\/product"}],"replies":[{"embeddable":true,"href":"http:\/\/wuerfel-meister.de\/index.php?rest_route=%2Fwp%2Fv2%2Fcomments&post=7224"}],"wp:featuredmedia":[{"embeddable":true,"href":"http:\/\/wuerfel-meister.de\/index.php?rest_route=\/wp\/v2\/media\/7222"}],"wp:attachment":[{"href":"http:\/\/wuerfel-meister.de\/index.php?rest_route=%2Fwp%2Fv2%2Fmedia&parent=7224"}],"wp:term":[{"taxonomy":"product_cat","embeddable":true,"href":"http:\/\/wuerfel-meister.de\/index.php?rest_route=%2Fwp%2Fv2%2Fproduct_cat&post=7224"},{"taxonomy":"product_tag","embeddable":true,"href":"http:\/\/wuerfel-meister.de\/index.php?rest_route=%2Fwp%2Fv2%2Fproduct_tag&post=7224"}],"curies":[{"name":"wp","href":"https:\/\/api.w.org\/{rel}","templated":true}]}}