{"id":7236,"date":"2020-04-26T13:36:21","date_gmt":"2020-04-26T13:36:21","guid":{"rendered":"http:\/\/wuerfel-meister.de\/?post_type=product&#038;p=7236"},"modified":"2022-08-17T19:17:39","modified_gmt":"2022-08-17T19:17:39","slug":"bier-wuerfel-2w6-trinkspiel","status":"publish","type":"product","link":"http:\/\/wuerfel-meister.de\/?product=bier-wuerfel-2w6-trinkspiel","title":{"rendered":"Bier-W\u00fcrfel 2W6 Trinkspiel"},"content":{"rendered":"<h3>Bier-W\u00fcrfel 2W6 Trinkspiel<\/h3>\n<p>Ein lustiges Party-Trinkspiel mit 2 kombinierbaren W\u00fcrfeln. Ein W\u00fcrfel zeigt die Menge an, der andere das Getr\u00e4nk.<\/p>\n<p>Kantenl\u00e4nge der gelben Kunststoffw\u00fcrfel ist 2,5 cm.<\/p>\n<p>Nicht f\u00fcr Kinder unter 3 Jahren geeignet, verschluckbare Kleinteile.<\/p>\n","protected":false},"excerpt":{"rendered":"<p>Bier-W\u00fcrfel 2W6<\/p>\n","protected":false},"featured_media":7237,"comment_status":"open","ping_status":"closed","template":"","meta":{"jetpack_post_was_ever_published":false,"jetpack_publicize_message":"","jetpack_is_tweetstorm":false,"jetpack_publicize_feature_enabled":true,"jetpack_social_post_already_shared":true,"jetpack_social_options":{"image_generator_settings":{"template":"highway","enabled":false}}},"product_cat":[47,45,32],"product_tag":[77,76,34],"jetpack_publicize_connections":[],"jetpack_sharing_enabled":true,"_links":{"self":[{"href":"http:\/\/wuerfel-meister.de\/index.php?rest_route=\/wp\/v2\/product\/7236"}],"collection":[{"href":"http:\/\/wuerfel-meister.de\/index.php?rest_route=\/wp\/v2\/product"}],"about":[{"href":"http:\/\/wuerfel-meister.de\/index.php?rest_route=\/wp\/v2\/types\/product"}],"replies":[{"embeddable":true,"href":"http:\/\/wuerfel-meister.de\/index.php?rest_route=%2Fwp%2Fv2%2Fcomments&post=7236"}],"wp:featuredmedia":[{"embeddable":true,"href":"http:\/\/wuerfel-meister.de\/index.php?rest_route=\/wp\/v2\/media\/7237"}],"wp:attachment":[{"href":"http:\/\/wuerfel-meister.de\/index.php?rest_route=%2Fwp%2Fv2%2Fmedia&parent=7236"}],"wp:term":[{"taxonomy":"product_cat","embeddable":true,"href":"http:\/\/wuerfel-meister.de\/index.php?rest_route=%2Fwp%2Fv2%2Fproduct_cat&post=7236"},{"taxonomy":"product_tag","embeddable":true,"href":"http:\/\/wuerfel-meister.de\/index.php?rest_route=%2Fwp%2Fv2%2Fproduct_tag&post=7236"}],"curies":[{"name":"wp","href":"https:\/\/api.w.org\/{rel}","templated":true}]}}