{"id":7242,"date":"2020-04-26T13:54:09","date_gmt":"2020-04-26T13:54:09","guid":{"rendered":"http:\/\/wuerfel-meister.de\/?post_type=product&#038;p=7242"},"modified":"2024-12-08T22:40:44","modified_gmt":"2024-12-08T22:40:44","slug":"wuerfel-weiss-blau-rot-1-w6","status":"publish","type":"product","link":"http:\/\/wuerfel-meister.de\/?product=wuerfel-weiss-blau-rot-1-w6","title":{"rendered":"W\u00fcrfel wei\u00df-blau-rot 1 W6"},"content":{"rendered":"<h3>W\u00fcrfel wei\u00df-blau-rot 1 W6<\/h3>\n<p>Wei\u00dfer W\u00fcrfel aus China mit roten (1 und 4) und blauen (2, 3, 5, 6) Augen.<\/p>\n<h3>Gr\u00f6\u00dfe<\/h3>\n<p>Kantenl\u00e4nge 14 mm<\/p>\n","protected":false},"excerpt":{"rendered":"<p>W\u00fcrfel wei\u00df-blau-rot 1 W6<\/p>\n","protected":false},"featured_media":7239,"comment_status":"open","ping_status":"closed","template":"","meta":{"jetpack_post_was_ever_published":false,"jetpack_publicize_message":"","jetpack_is_tweetstorm":false,"jetpack_publicize_feature_enabled":true,"jetpack_social_post_already_shared":true,"jetpack_social_options":{"image_generator_settings":{"template":"highway","enabled":false}}},"product_cat":[47,32],"product_tag":[34],"jetpack_publicize_connections":[],"jetpack_sharing_enabled":true,"_links":{"self":[{"href":"http:\/\/wuerfel-meister.de\/index.php?rest_route=\/wp\/v2\/product\/7242"}],"collection":[{"href":"http:\/\/wuerfel-meister.de\/index.php?rest_route=\/wp\/v2\/product"}],"about":[{"href":"http:\/\/wuerfel-meister.de\/index.php?rest_route=\/wp\/v2\/types\/product"}],"replies":[{"embeddable":true,"href":"http:\/\/wuerfel-meister.de\/index.php?rest_route=%2Fwp%2Fv2%2Fcomments&post=7242"}],"wp:featuredmedia":[{"embeddable":true,"href":"http:\/\/wuerfel-meister.de\/index.php?rest_route=\/wp\/v2\/media\/7239"}],"wp:attachment":[{"href":"http:\/\/wuerfel-meister.de\/index.php?rest_route=%2Fwp%2Fv2%2Fmedia&parent=7242"}],"wp:term":[{"taxonomy":"product_cat","embeddable":true,"href":"http:\/\/wuerfel-meister.de\/index.php?rest_route=%2Fwp%2Fv2%2Fproduct_cat&post=7242"},{"taxonomy":"product_tag","embeddable":true,"href":"http:\/\/wuerfel-meister.de\/index.php?rest_route=%2Fwp%2Fv2%2Fproduct_tag&post=7242"}],"curies":[{"name":"wp","href":"https:\/\/api.w.org\/{rel}","templated":true}]}}