{"id":7265,"date":"2020-04-26T14:57:44","date_gmt":"2020-04-26T14:57:44","guid":{"rendered":"http:\/\/wuerfel-meister.de\/?post_type=product&#038;p=7265"},"modified":"2020-05-01T17:19:57","modified_gmt":"2020-05-01T17:19:57","slug":"ohrhaenger-1w6-weiss-schwarz","status":"publish","type":"product","link":"http:\/\/wuerfel-meister.de\/?product=ohrhaenger-1w6-weiss-schwarz","title":{"rendered":"Ohrh\u00e4nger &#8211; 1W6 wei\u00df-schwarz"},"content":{"rendered":"<h3>Ohrh\u00e4nger-Paar &#8211; 1W6 wei\u00df-schwarz<\/h3>\n<p>Separat h\u00e4ngender wei\u00df-schwarzer W6, 9 mm Kantenl\u00e4nge, in schwarzem Kunststoffdreieck, 4 cm Kantenl\u00e4nge, als Ohrh\u00e4nger.<\/p>\n<p>Made in Taiwan, Modeschmuck<\/p>\n","protected":false},"excerpt":{"rendered":"<p>Ohrh\u00e4nger &#8211; 1W6 wei\u00df-schwarz<\/p>\n","protected":false},"featured_media":7261,"comment_status":"open","ping_status":"closed","template":"","meta":{"jetpack_post_was_ever_published":false,"jetpack_publicize_message":"","jetpack_is_tweetstorm":false,"jetpack_publicize_feature_enabled":true,"jetpack_social_post_already_shared":true,"jetpack_social_options":{"image_generator_settings":{"template":"highway","enabled":false}}},"product_cat":[47,32,33,90],"product_tag":[88,34],"jetpack_publicize_connections":[],"jetpack_sharing_enabled":true,"_links":{"self":[{"href":"http:\/\/wuerfel-meister.de\/index.php?rest_route=\/wp\/v2\/product\/7265"}],"collection":[{"href":"http:\/\/wuerfel-meister.de\/index.php?rest_route=\/wp\/v2\/product"}],"about":[{"href":"http:\/\/wuerfel-meister.de\/index.php?rest_route=\/wp\/v2\/types\/product"}],"replies":[{"embeddable":true,"href":"http:\/\/wuerfel-meister.de\/index.php?rest_route=%2Fwp%2Fv2%2Fcomments&post=7265"}],"wp:featuredmedia":[{"embeddable":true,"href":"http:\/\/wuerfel-meister.de\/index.php?rest_route=\/wp\/v2\/media\/7261"}],"wp:attachment":[{"href":"http:\/\/wuerfel-meister.de\/index.php?rest_route=%2Fwp%2Fv2%2Fmedia&parent=7265"}],"wp:term":[{"taxonomy":"product_cat","embeddable":true,"href":"http:\/\/wuerfel-meister.de\/index.php?rest_route=%2Fwp%2Fv2%2Fproduct_cat&post=7265"},{"taxonomy":"product_tag","embeddable":true,"href":"http:\/\/wuerfel-meister.de\/index.php?rest_route=%2Fwp%2Fv2%2Fproduct_tag&post=7265"}],"curies":[{"name":"wp","href":"https:\/\/api.w.org\/{rel}","templated":true}]}}