{"id":7267,"date":"2020-04-26T15:02:21","date_gmt":"2020-04-26T15:02:21","guid":{"rendered":"http:\/\/wuerfel-meister.de\/?post_type=product&#038;p=7267"},"modified":"2025-12-12T21:46:07","modified_gmt":"2025-12-12T21:46:07","slug":"pairs-das-schwarze-auge-dsa","status":"publish","type":"product","link":"http:\/\/wuerfel-meister.de\/?product=pairs-das-schwarze-auge-dsa","title":{"rendered":"PAIRS Das Schwarze Auge &#8211; DSA"},"content":{"rendered":"<h3>PAIRS Das Schwarze Auge -DSA- Ein spannendes Kartenspiel<\/h3>\n<p>PAIRS ist ein einfaches, spannendes Kartenspiel f\u00fcr 2-8 Spieler. Fordere dein Gl\u00fcck heraus mit diesem ungew\u00f6hnlichen Kartenspiel, bei dem die Karten die Zahlen von 1 bis 10 tragen (1&#215;1, 2&#215;2, 3&#215;3 usw.). Die Spieler ziehen diese Karten und versuchen dabei, kein P\u00e4rchen zu bekommen. Es ist schnell, spannend und macht viel Spa\u00df. Dieses Pairs-Kartenset enth\u00e4lt au\u00dferdem Regeln f\u00fcr weitere Spielvarianten: Medusa, Kampfget\u00fcmmel und Turnier. F\u00fcr 2-8 Spieler.<\/p>\n","protected":false},"excerpt":{"rendered":"<p>PAIRS Das Schwarze Auge -DSA<\/p>\n","protected":false},"featured_media":7260,"comment_status":"open","ping_status":"closed","template":"","meta":{"jetpack_post_was_ever_published":false,"jetpack_publicize_message":"","jetpack_is_tweetstorm":false,"jetpack_publicize_feature_enabled":true,"jetpack_social_post_already_shared":true,"jetpack_social_options":{"image_generator_settings":{"template":"highway","enabled":false}}},"product_cat":[47,45],"product_tag":[89,76],"jetpack_publicize_connections":[],"jetpack_sharing_enabled":true,"_links":{"self":[{"href":"http:\/\/wuerfel-meister.de\/index.php?rest_route=\/wp\/v2\/product\/7267"}],"collection":[{"href":"http:\/\/wuerfel-meister.de\/index.php?rest_route=\/wp\/v2\/product"}],"about":[{"href":"http:\/\/wuerfel-meister.de\/index.php?rest_route=\/wp\/v2\/types\/product"}],"replies":[{"embeddable":true,"href":"http:\/\/wuerfel-meister.de\/index.php?rest_route=%2Fwp%2Fv2%2Fcomments&post=7267"}],"wp:featuredmedia":[{"embeddable":true,"href":"http:\/\/wuerfel-meister.de\/index.php?rest_route=\/wp\/v2\/media\/7260"}],"wp:attachment":[{"href":"http:\/\/wuerfel-meister.de\/index.php?rest_route=%2Fwp%2Fv2%2Fmedia&parent=7267"}],"wp:term":[{"taxonomy":"product_cat","embeddable":true,"href":"http:\/\/wuerfel-meister.de\/index.php?rest_route=%2Fwp%2Fv2%2Fproduct_cat&post=7267"},{"taxonomy":"product_tag","embeddable":true,"href":"http:\/\/wuerfel-meister.de\/index.php?rest_route=%2Fwp%2Fv2%2Fproduct_tag&post=7267"}],"curies":[{"name":"wp","href":"https:\/\/api.w.org\/{rel}","templated":true}]}}