{"id":7291,"date":"2020-05-01T22:20:12","date_gmt":"2020-05-01T22:20:12","guid":{"rendered":"http:\/\/wuerfel-meister.de\/?post_type=product&#038;p=7291"},"modified":"2023-05-29T11:12:25","modified_gmt":"2023-05-29T11:12:25","slug":"battletech-miniatur-bt-20-982-snake","status":"publish","type":"product","link":"http:\/\/wuerfel-meister.de\/?product=battletech-miniatur-bt-20-982-snake","title":{"rendered":"BattleTech Miniatur BT 20-982 Snake"},"content":{"rendered":"<p>Battlemech 20-982 Snake.<br \/>\n(Snake SNK-1V 45 Tons TRO 3055)<\/p>\n<p>&nbsp;<\/p>\n<p>Dreiteiliges Wei\u00dfmetall-Kit.<br \/>\nDer K\u00f6rper, der Kopf, die Beine und die Basis sind als ein St\u00fcck gegossen, wobei die zwei Arme separat gegossen sind. Das Modell ist etwa 39 mm gro\u00df und hat eine verkleinerte Hex-Basis, deren Unterseite mit \u00a9 MMII Wizkids Snake von Drew Mfg von IW gekennzeichnet ist.<\/p>\n<p>&#8212;&#8212;&#8212;<\/p>\n<p>Produziert von Ral Partha f\u00fcr das FASA Science-Fiction-Regelsystem Battletech.<\/p>\n","protected":false},"excerpt":{"rendered":"<p>Battlemech 20-982 Snake<\/p>\n","protected":false},"featured_media":7292,"comment_status":"open","ping_status":"closed","template":"","meta":{"jetpack_post_was_ever_published":false,"jetpack_publicize_message":"","jetpack_is_tweetstorm":false,"jetpack_publicize_feature_enabled":true,"jetpack_social_post_already_shared":true,"jetpack_social_options":{"image_generator_settings":{"template":"highway","enabled":false}}},"product_cat":[47,92,95],"product_tag":[93,81,85,82],"jetpack_publicize_connections":[],"jetpack_sharing_enabled":true,"_links":{"self":[{"href":"http:\/\/wuerfel-meister.de\/index.php?rest_route=\/wp\/v2\/product\/7291"}],"collection":[{"href":"http:\/\/wuerfel-meister.de\/index.php?rest_route=\/wp\/v2\/product"}],"about":[{"href":"http:\/\/wuerfel-meister.de\/index.php?rest_route=\/wp\/v2\/types\/product"}],"replies":[{"embeddable":true,"href":"http:\/\/wuerfel-meister.de\/index.php?rest_route=%2Fwp%2Fv2%2Fcomments&post=7291"}],"wp:featuredmedia":[{"embeddable":true,"href":"http:\/\/wuerfel-meister.de\/index.php?rest_route=\/wp\/v2\/media\/7292"}],"wp:attachment":[{"href":"http:\/\/wuerfel-meister.de\/index.php?rest_route=%2Fwp%2Fv2%2Fmedia&parent=7291"}],"wp:term":[{"taxonomy":"product_cat","embeddable":true,"href":"http:\/\/wuerfel-meister.de\/index.php?rest_route=%2Fwp%2Fv2%2Fproduct_cat&post=7291"},{"taxonomy":"product_tag","embeddable":true,"href":"http:\/\/wuerfel-meister.de\/index.php?rest_route=%2Fwp%2Fv2%2Fproduct_tag&post=7291"}],"curies":[{"name":"wp","href":"https:\/\/api.w.org\/{rel}","templated":true}]}}