{"id":7309,"date":"2020-05-02T14:51:01","date_gmt":"2020-05-02T14:51:01","guid":{"rendered":"http:\/\/wuerfel-meister.de\/?post_type=product&#038;p=7309"},"modified":"2020-05-02T14:55:26","modified_gmt":"2020-05-02T14:55:26","slug":"wuerfel-w6-18-mm-holz-gruen-gold","status":"publish","type":"product","link":"http:\/\/wuerfel-meister.de\/?product=wuerfel-w6-18-mm-holz-gruen-gold","title":{"rendered":"W\u00fcrfel W6, 18 mm Holz gr\u00fcn-gold"},"content":{"rendered":"<p>W\u00fcrfel W6, aus Holz<\/p>\n<p>Kantenl\u00e4nge 18 mm<br \/>\nFarbe: gr\u00fcn-gold<\/p>\n","protected":false},"excerpt":{"rendered":"<p>W\u00fcrfel W6, 18 mm Holz gr\u00fcn-gold<\/p>\n","protected":false},"featured_media":7310,"comment_status":"open","ping_status":"closed","template":"","meta":{"jetpack_post_was_ever_published":false,"jetpack_publicize_message":"","jetpack_is_tweetstorm":false,"jetpack_publicize_feature_enabled":true,"jetpack_social_post_already_shared":true,"jetpack_social_options":{"image_generator_settings":{"template":"highway","enabled":false}}},"product_cat":[47,32],"product_tag":[96,34],"jetpack_publicize_connections":[],"jetpack_sharing_enabled":true,"_links":{"self":[{"href":"http:\/\/wuerfel-meister.de\/index.php?rest_route=\/wp\/v2\/product\/7309"}],"collection":[{"href":"http:\/\/wuerfel-meister.de\/index.php?rest_route=\/wp\/v2\/product"}],"about":[{"href":"http:\/\/wuerfel-meister.de\/index.php?rest_route=\/wp\/v2\/types\/product"}],"replies":[{"embeddable":true,"href":"http:\/\/wuerfel-meister.de\/index.php?rest_route=%2Fwp%2Fv2%2Fcomments&post=7309"}],"wp:featuredmedia":[{"embeddable":true,"href":"http:\/\/wuerfel-meister.de\/index.php?rest_route=\/wp\/v2\/media\/7310"}],"wp:attachment":[{"href":"http:\/\/wuerfel-meister.de\/index.php?rest_route=%2Fwp%2Fv2%2Fmedia&parent=7309"}],"wp:term":[{"taxonomy":"product_cat","embeddable":true,"href":"http:\/\/wuerfel-meister.de\/index.php?rest_route=%2Fwp%2Fv2%2Fproduct_cat&post=7309"},{"taxonomy":"product_tag","embeddable":true,"href":"http:\/\/wuerfel-meister.de\/index.php?rest_route=%2Fwp%2Fv2%2Fproduct_tag&post=7309"}],"curies":[{"name":"wp","href":"https:\/\/api.w.org\/{rel}","templated":true}]}}